{"id":1964,"date":"2016-05-19T12:24:04","date_gmt":"2016-05-19T17:24:04","guid":{"rendered":"http:\/\/demo.goodlayers.com\/infinite\/homepages\/finance\/?page_id=1281"},"modified":"2025-06-25T08:39:23","modified_gmt":"2025-06-25T13:39:23","slug":"contactanos","status":"publish","type":"page","link":"https:\/\/www.arqup.net\/en\/contactanos\/","title":{"rendered":"Contact Us"},"content":{"rendered":"","protected":false},"excerpt":{"rendered":"","protected":false},"author":1,"featured_media":0,"parent":0,"menu_order":0,"comment_status":"closed","ping_status":"closed","template":"","meta":{"footnotes":""},"class_list":["post-1964","page","type-page","status-publish","hentry"],"yoast_head":"<!-- This site is optimized with the Yoast SEO plugin v25.2 - https:\/\/yoast.com\/wordpress\/plugins\/seo\/ -->\n<title>Cont\u00e1ctanos - ARQUP Arquitectura, Dise\u00f1o de Interiores y 3D<\/title>\n<meta name=\"description\" content=\"Buscas m\u00e1s informaci\u00f3n o cotizaci\u00f3n gratuita sobre proyectos de arquitectura, dise\u00f1o de interiores o visualizaci\u00f3n 3D. Escr\u00edbenos a info@arqup.net\" \/>\n<meta name=\"robots\" content=\"index, follow, max-snippet:-1, max-image-preview:large, max-video-preview:-1\" \/>\n<link rel=\"canonical\" href=\"https:\/\/www.arqup.net\/en\/contactanos\/\" \/>\n<meta property=\"og:locale\" content=\"en_US\" \/>\n<meta property=\"og:type\" content=\"article\" \/>\n<meta property=\"og:title\" content=\"Cont\u00e1ctanos - ARQUP Arquitectura, Dise\u00f1o de Interiores y 3D\" \/>\n<meta property=\"og:description\" content=\"Buscas m\u00e1s informaci\u00f3n o cotizaci\u00f3n gratuita sobre proyectos de arquitectura, dise\u00f1o de interiores o visualizaci\u00f3n 3D. Escr\u00edbenos a info@arqup.net\" \/>\n<meta property=\"og:url\" content=\"https:\/\/www.arqup.net\/en\/contactanos\/\" \/>\n<meta property=\"og:site_name\" content=\"ARQUP Arquitectura, Dise\u00f1o de Interiores y 3D\" \/>\n<meta property=\"article:modified_time\" content=\"2025-06-25T13:39:23+00:00\" \/>\n<meta name=\"twitter:card\" content=\"summary_large_image\" \/>\n<meta name=\"twitter:label1\" content=\"Est. reading time\" \/>\n\t<meta name=\"twitter:data1\" content=\"1 minute\" \/>\n<script type=\"application\/ld+json\" class=\"yoast-schema-graph\">{\"@context\":\"https:\/\/schema.org\",\"@graph\":[{\"@type\":\"WebPage\",\"@id\":\"https:\/\/www.arqup.net\/contactanos\/\",\"url\":\"https:\/\/www.arqup.net\/contactanos\/\",\"name\":\"Cont\u00e1ctanos - ARQUP Arquitectura, Dise\u00f1o de Interiores y 3D\",\"isPartOf\":{\"@id\":\"https:\/\/www.arqup.net\/#website\"},\"datePublished\":\"2016-05-19T17:24:04+00:00\",\"dateModified\":\"2025-06-25T13:39:23+00:00\",\"description\":\"Buscas m\u00e1s informaci\u00f3n o cotizaci\u00f3n gratuita sobre proyectos de arquitectura, dise\u00f1o de interiores o visualizaci\u00f3n 3D. Escr\u00edbenos a info@arqup.net\",\"breadcrumb\":{\"@id\":\"https:\/\/www.arqup.net\/contactanos\/#breadcrumb\"},\"inLanguage\":\"en-US\",\"potentialAction\":[{\"@type\":\"ReadAction\",\"target\":[\"https:\/\/www.arqup.net\/contactanos\/\"]}]},{\"@type\":\"BreadcrumbList\",\"@id\":\"https:\/\/www.arqup.net\/contactanos\/#breadcrumb\",\"itemListElement\":[{\"@type\":\"ListItem\",\"position\":1,\"name\":\"Home\",\"item\":\"https:\/\/www.arqup.net\/\"},{\"@type\":\"ListItem\",\"position\":2,\"name\":\"Cont\u00e1ctanos\"}]},{\"@type\":\"WebSite\",\"@id\":\"https:\/\/www.arqup.net\/#website\",\"url\":\"https:\/\/www.arqup.net\/\",\"name\":\"ARQUP Arquitectura, Dise\u00f1o de Interiores y 3D\",\"description\":\"Soluciones integrales para el dise\u00f1o de espacios. Mediante Proyectos de Arquitectura, Dise\u00f1o de Interiores y Visualizaci\u00f3n 3D\",\"potentialAction\":[{\"@type\":\"SearchAction\",\"target\":{\"@type\":\"EntryPoint\",\"urlTemplate\":\"https:\/\/www.arqup.net\/?s={search_term_string}\"},\"query-input\":{\"@type\":\"PropertyValueSpecification\",\"valueRequired\":true,\"valueName\":\"search_term_string\"}}],\"inLanguage\":\"en-US\"}]}<\/script>\n<!-- \/ Yoast SEO plugin. -->","yoast_head_json":{"title":"Cont\u00e1ctanos - ARQUP Arquitectura, Dise\u00f1o de Interiores y 3D","description":"Buscas m\u00e1s informaci\u00f3n o cotizaci\u00f3n gratuita sobre proyectos de arquitectura, dise\u00f1o de interiores o visualizaci\u00f3n 3D. Escr\u00edbenos a info@arqup.net","robots":{"index":"index","follow":"follow","max-snippet":"max-snippet:-1","max-image-preview":"max-image-preview:large","max-video-preview":"max-video-preview:-1"},"canonical":"https:\/\/www.arqup.net\/en\/contactanos\/","og_locale":"en_US","og_type":"article","og_title":"Cont\u00e1ctanos - ARQUP Arquitectura, Dise\u00f1o de Interiores y 3D","og_description":"Buscas m\u00e1s informaci\u00f3n o cotizaci\u00f3n gratuita sobre proyectos de arquitectura, dise\u00f1o de interiores o visualizaci\u00f3n 3D. Escr\u00edbenos a info@arqup.net","og_url":"https:\/\/www.arqup.net\/en\/contactanos\/","og_site_name":"ARQUP Arquitectura, Dise\u00f1o de Interiores y 3D","article_modified_time":"2025-06-25T13:39:23+00:00","twitter_card":"summary_large_image","twitter_misc":{"Est. reading time":"1 minute"},"schema":{"@context":"https:\/\/schema.org","@graph":[{"@type":"WebPage","@id":"https:\/\/www.arqup.net\/contactanos\/","url":"https:\/\/www.arqup.net\/contactanos\/","name":"Cont\u00e1ctanos - ARQUP Arquitectura, Dise\u00f1o de Interiores y 3D","isPartOf":{"@id":"https:\/\/www.arqup.net\/#website"},"datePublished":"2016-05-19T17:24:04+00:00","dateModified":"2025-06-25T13:39:23+00:00","description":"Buscas m\u00e1s informaci\u00f3n o cotizaci\u00f3n gratuita sobre proyectos de arquitectura, dise\u00f1o de interiores o visualizaci\u00f3n 3D. Escr\u00edbenos a info@arqup.net","breadcrumb":{"@id":"https:\/\/www.arqup.net\/contactanos\/#breadcrumb"},"inLanguage":"en-US","potentialAction":[{"@type":"ReadAction","target":["https:\/\/www.arqup.net\/contactanos\/"]}]},{"@type":"BreadcrumbList","@id":"https:\/\/www.arqup.net\/contactanos\/#breadcrumb","itemListElement":[{"@type":"ListItem","position":1,"name":"Home","item":"https:\/\/www.arqup.net\/"},{"@type":"ListItem","position":2,"name":"Cont\u00e1ctanos"}]},{"@type":"WebSite","@id":"https:\/\/www.arqup.net\/#website","url":"https:\/\/www.arqup.net\/","name":"ARQUP Arquitectura, Dise\u00f1o de Interiores y 3D","description":"Soluciones integrales para el dise\u00f1o de espacios. Mediante Proyectos de Arquitectura, Dise\u00f1o de Interiores y Visualizaci\u00f3n 3D","potentialAction":[{"@type":"SearchAction","target":{"@type":"EntryPoint","urlTemplate":"https:\/\/www.arqup.net\/?s={search_term_string}"},"query-input":{"@type":"PropertyValueSpecification","valueRequired":true,"valueName":"search_term_string"}}],"inLanguage":"en-US"}]}},"_links":{"self":[{"href":"https:\/\/www.arqup.net\/en\/wp-json\/wp\/v2\/pages\/1964","targetHints":{"allow":["GET"]}}],"collection":[{"href":"https:\/\/www.arqup.net\/en\/wp-json\/wp\/v2\/pages"}],"about":[{"href":"https:\/\/www.arqup.net\/en\/wp-json\/wp\/v2\/types\/page"}],"author":[{"embeddable":true,"href":"https:\/\/www.arqup.net\/en\/wp-json\/wp\/v2\/users\/1"}],"replies":[{"embeddable":true,"href":"https:\/\/www.arqup.net\/en\/wp-json\/wp\/v2\/comments?post=1964"}],"version-history":[{"count":5,"href":"https:\/\/www.arqup.net\/en\/wp-json\/wp\/v2\/pages\/1964\/revisions"}],"predecessor-version":[{"id":30997,"href":"https:\/\/www.arqup.net\/en\/wp-json\/wp\/v2\/pages\/1964\/revisions\/30997"}],"wp:attachment":[{"href":"https:\/\/www.arqup.net\/en\/wp-json\/wp\/v2\/media?parent=1964"}],"curies":[{"name":"wp","href":"https:\/\/api.w.org\/{rel}","templated":true}]}}