{"id":380,"date":"2019-12-06T12:01:17","date_gmt":"2019-12-06T17:01:17","guid":{"rendered":"https:\/\/www.arqup.net\/?page_id=380"},"modified":"2020-01-03T05:44:48","modified_gmt":"2020-01-03T10:44:48","slug":"suscribete","status":"publish","type":"page","link":"https:\/\/www.arqup.net\/en\/suscribete\/","title":{"rendered":"Subscribe"},"content":{"rendered":"","protected":false},"excerpt":{"rendered":"","protected":false},"author":1,"featured_media":0,"parent":0,"menu_order":0,"comment_status":"closed","ping_status":"closed","template":"","meta":{"footnotes":""},"class_list":["post-380","page","type-page","status-publish","hentry"],"yoast_head":"<!-- This site is optimized with the Yoast SEO plugin v25.2 - https:\/\/yoast.com\/wordpress\/plugins\/seo\/ -->\n<title>Suscr\u00edbete - ARQUP Arquitectura, Dise\u00f1o de Interiores y 3D<\/title>\n<meta name=\"description\" content=\"\u00danete a nosotros gratis, recibe descuentos de extras especiales y si deseas recibir\u00e1s notificaciones de nuestras nuevos art\u00edculos sobre arquitect\u00fara, dise\u00f1o. Publicamos un nuevo art\u00edculo cada semana.\" \/>\n<meta name=\"robots\" content=\"index, follow, max-snippet:-1, max-image-preview:large, max-video-preview:-1\" \/>\n<link rel=\"canonical\" href=\"https:\/\/www.arqup.net\/en\/suscribete\/\" \/>\n<meta property=\"og:locale\" content=\"en_US\" \/>\n<meta property=\"og:type\" content=\"article\" \/>\n<meta property=\"og:title\" content=\"Suscr\u00edbete - ARQUP Arquitectura, Dise\u00f1o de Interiores y 3D\" \/>\n<meta property=\"og:description\" content=\"\u00danete a nosotros gratis, recibe descuentos de extras especiales y si deseas recibir\u00e1s notificaciones de nuestras nuevos art\u00edculos sobre arquitect\u00fara, dise\u00f1o. Publicamos un nuevo art\u00edculo cada semana.\" \/>\n<meta property=\"og:url\" content=\"https:\/\/www.arqup.net\/en\/suscribete\/\" \/>\n<meta property=\"og:site_name\" content=\"ARQUP Arquitectura, Dise\u00f1o de Interiores y 3D\" \/>\n<meta property=\"article:modified_time\" content=\"2020-01-03T10:44:48+00:00\" \/>\n<meta name=\"twitter:card\" content=\"summary_large_image\" \/>\n<script type=\"application\/ld+json\" class=\"yoast-schema-graph\">{\"@context\":\"https:\/\/schema.org\",\"@graph\":[{\"@type\":\"WebPage\",\"@id\":\"https:\/\/www.arqup.net\/en\/suscribete\/\",\"url\":\"https:\/\/www.arqup.net\/en\/suscribete\/\",\"name\":\"Suscr\u00edbete - ARQUP Arquitectura, Dise\u00f1o de Interiores y 3D\",\"isPartOf\":{\"@id\":\"https:\/\/www.arqup.net\/#website\"},\"datePublished\":\"2019-12-06T17:01:17+00:00\",\"dateModified\":\"2020-01-03T10:44:48+00:00\",\"description\":\"\u00danete a nosotros gratis, recibe descuentos de extras especiales y si deseas recibir\u00e1s notificaciones de nuestras nuevos art\u00edculos sobre arquitect\u00fara, dise\u00f1o. Publicamos un nuevo art\u00edculo cada semana.\",\"breadcrumb\":{\"@id\":\"https:\/\/www.arqup.net\/en\/suscribete\/#breadcrumb\"},\"inLanguage\":\"en-US\",\"potentialAction\":[{\"@type\":\"ReadAction\",\"target\":[\"https:\/\/www.arqup.net\/en\/suscribete\/\"]}]},{\"@type\":\"BreadcrumbList\",\"@id\":\"https:\/\/www.arqup.net\/en\/suscribete\/#breadcrumb\",\"itemListElement\":[{\"@type\":\"ListItem\",\"position\":1,\"name\":\"Home\",\"item\":\"https:\/\/www.arqup.net\/\"},{\"@type\":\"ListItem\",\"position\":2,\"name\":\"Suscr\u00edbete\"}]},{\"@type\":\"WebSite\",\"@id\":\"https:\/\/www.arqup.net\/#website\",\"url\":\"https:\/\/www.arqup.net\/\",\"name\":\"ARQUP Arquitectura, Dise\u00f1o de Interiores y 3D\",\"description\":\"Soluciones integrales para el dise\u00f1o de espacios. Mediante Proyectos de Arquitectura, Dise\u00f1o de Interiores y Visualizaci\u00f3n 3D\",\"potentialAction\":[{\"@type\":\"SearchAction\",\"target\":{\"@type\":\"EntryPoint\",\"urlTemplate\":\"https:\/\/www.arqup.net\/?s={search_term_string}\"},\"query-input\":{\"@type\":\"PropertyValueSpecification\",\"valueRequired\":true,\"valueName\":\"search_term_string\"}}],\"inLanguage\":\"en-US\"}]}<\/script>\n<!-- \/ Yoast SEO plugin. -->","yoast_head_json":{"title":"Suscr\u00edbete - ARQUP Arquitectura, Dise\u00f1o de Interiores y 3D","description":"\u00danete a nosotros gratis, recibe descuentos de extras especiales y si deseas recibir\u00e1s notificaciones de nuestras nuevos art\u00edculos sobre arquitect\u00fara, dise\u00f1o. Publicamos un nuevo art\u00edculo cada semana.","robots":{"index":"index","follow":"follow","max-snippet":"max-snippet:-1","max-image-preview":"max-image-preview:large","max-video-preview":"max-video-preview:-1"},"canonical":"https:\/\/www.arqup.net\/en\/suscribete\/","og_locale":"en_US","og_type":"article","og_title":"Suscr\u00edbete - ARQUP Arquitectura, Dise\u00f1o de Interiores y 3D","og_description":"\u00danete a nosotros gratis, recibe descuentos de extras especiales y si deseas recibir\u00e1s notificaciones de nuestras nuevos art\u00edculos sobre arquitect\u00fara, dise\u00f1o. Publicamos un nuevo art\u00edculo cada semana.","og_url":"https:\/\/www.arqup.net\/en\/suscribete\/","og_site_name":"ARQUP Arquitectura, Dise\u00f1o de Interiores y 3D","article_modified_time":"2020-01-03T10:44:48+00:00","twitter_card":"summary_large_image","schema":{"@context":"https:\/\/schema.org","@graph":[{"@type":"WebPage","@id":"https:\/\/www.arqup.net\/en\/suscribete\/","url":"https:\/\/www.arqup.net\/en\/suscribete\/","name":"Suscr\u00edbete - ARQUP Arquitectura, Dise\u00f1o de Interiores y 3D","isPartOf":{"@id":"https:\/\/www.arqup.net\/#website"},"datePublished":"2019-12-06T17:01:17+00:00","dateModified":"2020-01-03T10:44:48+00:00","description":"\u00danete a nosotros gratis, recibe descuentos de extras especiales y si deseas recibir\u00e1s notificaciones de nuestras nuevos art\u00edculos sobre arquitect\u00fara, dise\u00f1o. Publicamos un nuevo art\u00edculo cada semana.","breadcrumb":{"@id":"https:\/\/www.arqup.net\/en\/suscribete\/#breadcrumb"},"inLanguage":"en-US","potentialAction":[{"@type":"ReadAction","target":["https:\/\/www.arqup.net\/en\/suscribete\/"]}]},{"@type":"BreadcrumbList","@id":"https:\/\/www.arqup.net\/en\/suscribete\/#breadcrumb","itemListElement":[{"@type":"ListItem","position":1,"name":"Home","item":"https:\/\/www.arqup.net\/"},{"@type":"ListItem","position":2,"name":"Suscr\u00edbete"}]},{"@type":"WebSite","@id":"https:\/\/www.arqup.net\/#website","url":"https:\/\/www.arqup.net\/","name":"ARQUP Arquitectura, Dise\u00f1o de Interiores y 3D","description":"Soluciones integrales para el dise\u00f1o de espacios. Mediante Proyectos de Arquitectura, Dise\u00f1o de Interiores y Visualizaci\u00f3n 3D","potentialAction":[{"@type":"SearchAction","target":{"@type":"EntryPoint","urlTemplate":"https:\/\/www.arqup.net\/?s={search_term_string}"},"query-input":{"@type":"PropertyValueSpecification","valueRequired":true,"valueName":"search_term_string"}}],"inLanguage":"en-US"}]}},"_links":{"self":[{"href":"https:\/\/www.arqup.net\/en\/wp-json\/wp\/v2\/pages\/380","targetHints":{"allow":["GET"]}}],"collection":[{"href":"https:\/\/www.arqup.net\/en\/wp-json\/wp\/v2\/pages"}],"about":[{"href":"https:\/\/www.arqup.net\/en\/wp-json\/wp\/v2\/types\/page"}],"author":[{"embeddable":true,"href":"https:\/\/www.arqup.net\/en\/wp-json\/wp\/v2\/users\/1"}],"replies":[{"embeddable":true,"href":"https:\/\/www.arqup.net\/en\/wp-json\/wp\/v2\/comments?post=380"}],"version-history":[{"count":5,"href":"https:\/\/www.arqup.net\/en\/wp-json\/wp\/v2\/pages\/380\/revisions"}],"predecessor-version":[{"id":6771,"href":"https:\/\/www.arqup.net\/en\/wp-json\/wp\/v2\/pages\/380\/revisions\/6771"}],"wp:attachment":[{"href":"https:\/\/www.arqup.net\/en\/wp-json\/wp\/v2\/media?parent=380"}],"curies":[{"name":"wp","href":"https:\/\/api.w.org\/{rel}","templated":true}]}}