{"id":85,"date":"2019-11-28T10:44:13","date_gmt":"2019-11-28T15:44:13","guid":{"rendered":"https:\/\/www.arqup.net\/?page_id=85"},"modified":"2020-05-28T11:28:29","modified_gmt":"2020-05-28T16:28:29","slug":"diseno-arquitectonico","status":"publish","type":"page","link":"https:\/\/www.arqup.net\/en\/servicios\/diseno-arquitectonico\/","title":{"rendered":"Architectural Design"},"content":{"rendered":"","protected":false},"excerpt":{"rendered":"","protected":false},"author":1,"featured_media":6189,"parent":146,"menu_order":0,"comment_status":"closed","ping_status":"closed","template":"","meta":{"footnotes":""},"class_list":["post-85","page","type-page","status-publish","has-post-thumbnail","hentry"],"yoast_head":"<!-- This site is optimized with the Yoast SEO plugin v25.2 - https:\/\/yoast.com\/wordpress\/plugins\/seo\/ -->\n<title>Dise\u00f1o Arquitect\u00f3nico - ARQUP Arquitectura, Dise\u00f1o de Interiores y 3D<\/title>\n<meta name=\"description\" content=\"Proyecto completo de arquitectura. Te damos todos los documentos para la aprobaci\u00f3n municipal para su contrucci\u00f3n y hacer un estimado real de cu\u00e1nto costar\u00e1 la construcci\u00f3n.\" \/>\n<meta name=\"robots\" content=\"index, follow, max-snippet:-1, max-image-preview:large, max-video-preview:-1\" \/>\n<link rel=\"canonical\" href=\"https:\/\/www.arqup.net\/en\/servicios\/diseno-arquitectonico\/\" \/>\n<meta property=\"og:locale\" content=\"en_US\" \/>\n<meta property=\"og:type\" content=\"article\" \/>\n<meta property=\"og:title\" content=\"Dise\u00f1o Arquitect\u00f3nico - ARQUP Arquitectura, Dise\u00f1o de Interiores y 3D\" \/>\n<meta property=\"og:description\" content=\"Proyecto completo de arquitectura. Te damos todos los documentos para la aprobaci\u00f3n municipal para su contrucci\u00f3n y hacer un estimado real de cu\u00e1nto costar\u00e1 la construcci\u00f3n.\" \/>\n<meta property=\"og:url\" content=\"https:\/\/www.arqup.net\/en\/servicios\/diseno-arquitectonico\/\" \/>\n<meta property=\"og:site_name\" content=\"ARQUP Arquitectura, Dise\u00f1o de Interiores y 3D\" \/>\n<meta property=\"article:modified_time\" content=\"2020-05-28T16:28:29+00:00\" \/>\n<meta property=\"og:image\" content=\"https:\/\/www.arqup.net\/wp-content\/uploads\/2019\/12\/pexels-photo-271667-1-1.jpeg\" \/>\n\t<meta property=\"og:image:width\" content=\"1920\" \/>\n\t<meta property=\"og:image:height\" content=\"1271\" \/>\n\t<meta property=\"og:image:type\" content=\"image\/jpeg\" \/>\n<meta name=\"twitter:card\" content=\"summary_large_image\" \/>\n<script type=\"application\/ld+json\" class=\"yoast-schema-graph\">{\"@context\":\"https:\/\/schema.org\",\"@graph\":[{\"@type\":\"WebPage\",\"@id\":\"https:\/\/www.arqup.net\/servicios\/diseno-arquitectonico\/\",\"url\":\"https:\/\/www.arqup.net\/servicios\/diseno-arquitectonico\/\",\"name\":\"Dise\u00f1o Arquitect\u00f3nico - ARQUP Arquitectura, Dise\u00f1o de Interiores y 3D\",\"isPartOf\":{\"@id\":\"https:\/\/www.arqup.net\/#website\"},\"primaryImageOfPage\":{\"@id\":\"https:\/\/www.arqup.net\/servicios\/diseno-arquitectonico\/#primaryimage\"},\"image\":{\"@id\":\"https:\/\/www.arqup.net\/servicios\/diseno-arquitectonico\/#primaryimage\"},\"thumbnailUrl\":\"https:\/\/www.arqup.net\/wp-content\/uploads\/2019\/12\/pexels-photo-271667-1-1.jpeg\",\"datePublished\":\"2019-11-28T15:44:13+00:00\",\"dateModified\":\"2020-05-28T16:28:29+00:00\",\"description\":\"Proyecto completo de arquitectura. Te damos todos los documentos para la aprobaci\u00f3n municipal para su contrucci\u00f3n y hacer un estimado real de cu\u00e1nto costar\u00e1 la construcci\u00f3n.\",\"breadcrumb\":{\"@id\":\"https:\/\/www.arqup.net\/servicios\/diseno-arquitectonico\/#breadcrumb\"},\"inLanguage\":\"en-US\",\"potentialAction\":[{\"@type\":\"ReadAction\",\"target\":[\"https:\/\/www.arqup.net\/servicios\/diseno-arquitectonico\/\"]}]},{\"@type\":\"ImageObject\",\"inLanguage\":\"en-US\",\"@id\":\"https:\/\/www.arqup.net\/servicios\/diseno-arquitectonico\/#primaryimage\",\"url\":\"https:\/\/www.arqup.net\/wp-content\/uploads\/2019\/12\/pexels-photo-271667-1-1.jpeg\",\"contentUrl\":\"https:\/\/www.arqup.net\/wp-content\/uploads\/2019\/12\/pexels-photo-271667-1-1.jpeg\",\"width\":1920,\"height\":1271},{\"@type\":\"BreadcrumbList\",\"@id\":\"https:\/\/www.arqup.net\/servicios\/diseno-arquitectonico\/#breadcrumb\",\"itemListElement\":[{\"@type\":\"ListItem\",\"position\":1,\"name\":\"Home\",\"item\":\"https:\/\/www.arqup.net\/\"},{\"@type\":\"ListItem\",\"position\":2,\"name\":\"Servicios\",\"item\":\"https:\/\/www.arqup.net\/en\/servicios\/\"},{\"@type\":\"ListItem\",\"position\":3,\"name\":\"Dise\u00f1o Arquitect\u00f3nico\"}]},{\"@type\":\"WebSite\",\"@id\":\"https:\/\/www.arqup.net\/#website\",\"url\":\"https:\/\/www.arqup.net\/\",\"name\":\"ARQUP Arquitectura, Dise\u00f1o de Interiores y 3D\",\"description\":\"Soluciones integrales para el dise\u00f1o de espacios. Mediante Proyectos de Arquitectura, Dise\u00f1o de Interiores y Visualizaci\u00f3n 3D\",\"potentialAction\":[{\"@type\":\"SearchAction\",\"target\":{\"@type\":\"EntryPoint\",\"urlTemplate\":\"https:\/\/www.arqup.net\/?s={search_term_string}\"},\"query-input\":{\"@type\":\"PropertyValueSpecification\",\"valueRequired\":true,\"valueName\":\"search_term_string\"}}],\"inLanguage\":\"en-US\"}]}<\/script>\n<!-- \/ Yoast SEO plugin. -->","yoast_head_json":{"title":"Dise\u00f1o Arquitect\u00f3nico - ARQUP Arquitectura, Dise\u00f1o de Interiores y 3D","description":"Proyecto completo de arquitectura. Te damos todos los documentos para la aprobaci\u00f3n municipal para su contrucci\u00f3n y hacer un estimado real de cu\u00e1nto costar\u00e1 la construcci\u00f3n.","robots":{"index":"index","follow":"follow","max-snippet":"max-snippet:-1","max-image-preview":"max-image-preview:large","max-video-preview":"max-video-preview:-1"},"canonical":"https:\/\/www.arqup.net\/en\/servicios\/diseno-arquitectonico\/","og_locale":"en_US","og_type":"article","og_title":"Dise\u00f1o Arquitect\u00f3nico - ARQUP Arquitectura, Dise\u00f1o de Interiores y 3D","og_description":"Proyecto completo de arquitectura. Te damos todos los documentos para la aprobaci\u00f3n municipal para su contrucci\u00f3n y hacer un estimado real de cu\u00e1nto costar\u00e1 la construcci\u00f3n.","og_url":"https:\/\/www.arqup.net\/en\/servicios\/diseno-arquitectonico\/","og_site_name":"ARQUP Arquitectura, Dise\u00f1o de Interiores y 3D","article_modified_time":"2020-05-28T16:28:29+00:00","og_image":[{"width":1920,"height":1271,"url":"https:\/\/www.arqup.net\/wp-content\/uploads\/2019\/12\/pexels-photo-271667-1-1.jpeg","type":"image\/jpeg"}],"twitter_card":"summary_large_image","schema":{"@context":"https:\/\/schema.org","@graph":[{"@type":"WebPage","@id":"https:\/\/www.arqup.net\/servicios\/diseno-arquitectonico\/","url":"https:\/\/www.arqup.net\/servicios\/diseno-arquitectonico\/","name":"Dise\u00f1o Arquitect\u00f3nico - ARQUP Arquitectura, Dise\u00f1o de Interiores y 3D","isPartOf":{"@id":"https:\/\/www.arqup.net\/#website"},"primaryImageOfPage":{"@id":"https:\/\/www.arqup.net\/servicios\/diseno-arquitectonico\/#primaryimage"},"image":{"@id":"https:\/\/www.arqup.net\/servicios\/diseno-arquitectonico\/#primaryimage"},"thumbnailUrl":"https:\/\/www.arqup.net\/wp-content\/uploads\/2019\/12\/pexels-photo-271667-1-1.jpeg","datePublished":"2019-11-28T15:44:13+00:00","dateModified":"2020-05-28T16:28:29+00:00","description":"Proyecto completo de arquitectura. Te damos todos los documentos para la aprobaci\u00f3n municipal para su contrucci\u00f3n y hacer un estimado real de cu\u00e1nto costar\u00e1 la construcci\u00f3n.","breadcrumb":{"@id":"https:\/\/www.arqup.net\/servicios\/diseno-arquitectonico\/#breadcrumb"},"inLanguage":"en-US","potentialAction":[{"@type":"ReadAction","target":["https:\/\/www.arqup.net\/servicios\/diseno-arquitectonico\/"]}]},{"@type":"ImageObject","inLanguage":"en-US","@id":"https:\/\/www.arqup.net\/servicios\/diseno-arquitectonico\/#primaryimage","url":"https:\/\/www.arqup.net\/wp-content\/uploads\/2019\/12\/pexels-photo-271667-1-1.jpeg","contentUrl":"https:\/\/www.arqup.net\/wp-content\/uploads\/2019\/12\/pexels-photo-271667-1-1.jpeg","width":1920,"height":1271},{"@type":"BreadcrumbList","@id":"https:\/\/www.arqup.net\/servicios\/diseno-arquitectonico\/#breadcrumb","itemListElement":[{"@type":"ListItem","position":1,"name":"Home","item":"https:\/\/www.arqup.net\/"},{"@type":"ListItem","position":2,"name":"Servicios","item":"https:\/\/www.arqup.net\/en\/servicios\/"},{"@type":"ListItem","position":3,"name":"Dise\u00f1o Arquitect\u00f3nico"}]},{"@type":"WebSite","@id":"https:\/\/www.arqup.net\/#website","url":"https:\/\/www.arqup.net\/","name":"ARQUP Arquitectura, Dise\u00f1o de Interiores y 3D","description":"Soluciones integrales para el dise\u00f1o de espacios. Mediante Proyectos de Arquitectura, Dise\u00f1o de Interiores y Visualizaci\u00f3n 3D","potentialAction":[{"@type":"SearchAction","target":{"@type":"EntryPoint","urlTemplate":"https:\/\/www.arqup.net\/?s={search_term_string}"},"query-input":{"@type":"PropertyValueSpecification","valueRequired":true,"valueName":"search_term_string"}}],"inLanguage":"en-US"}]}},"_links":{"self":[{"href":"https:\/\/www.arqup.net\/en\/wp-json\/wp\/v2\/pages\/85","targetHints":{"allow":["GET"]}}],"collection":[{"href":"https:\/\/www.arqup.net\/en\/wp-json\/wp\/v2\/pages"}],"about":[{"href":"https:\/\/www.arqup.net\/en\/wp-json\/wp\/v2\/types\/page"}],"author":[{"embeddable":true,"href":"https:\/\/www.arqup.net\/en\/wp-json\/wp\/v2\/users\/1"}],"replies":[{"embeddable":true,"href":"https:\/\/www.arqup.net\/en\/wp-json\/wp\/v2\/comments?post=85"}],"version-history":[{"count":5,"href":"https:\/\/www.arqup.net\/en\/wp-json\/wp\/v2\/pages\/85\/revisions"}],"predecessor-version":[{"id":7303,"href":"https:\/\/www.arqup.net\/en\/wp-json\/wp\/v2\/pages\/85\/revisions\/7303"}],"up":[{"embeddable":true,"href":"https:\/\/www.arqup.net\/en\/wp-json\/wp\/v2\/pages\/146"}],"wp:featuredmedia":[{"embeddable":true,"href":"https:\/\/www.arqup.net\/en\/wp-json\/wp\/v2\/media\/6189"}],"wp:attachment":[{"href":"https:\/\/www.arqup.net\/en\/wp-json\/wp\/v2\/media?parent=85"}],"curies":[{"name":"wp","href":"https:\/\/api.w.org\/{rel}","templated":true}]}}