{"id":93,"date":"2019-11-28T10:49:05","date_gmt":"2019-11-28T15:49:05","guid":{"rendered":"https:\/\/www.arqup.net\/?page_id=93"},"modified":"2020-12-26T11:48:26","modified_gmt":"2020-12-26T16:48:26","slug":"diseno-interiores","status":"publish","type":"page","link":"https:\/\/www.arqup.net\/en\/servicios\/diseno-interiores\/","title":{"rendered":"Interior Design"},"content":{"rendered":"","protected":false},"excerpt":{"rendered":"","protected":false},"author":1,"featured_media":0,"parent":146,"menu_order":0,"comment_status":"closed","ping_status":"closed","template":"","meta":{"footnotes":""},"class_list":["post-93","page","type-page","status-publish","hentry"],"yoast_head":"<!-- This site is optimized with the Yoast SEO plugin v25.2 - https:\/\/yoast.com\/wordpress\/plugins\/seo\/ -->\n<title>Dise\u00f1o de Interiores - ARQUP Arquitectura, Dise\u00f1o de Interiores y 3D<\/title>\n<meta name=\"description\" content=\"En el caso de dise\u00f1o de interiores, nos ajustaremos a la necesidad del cliente y su objetivo para poder brindarle una mejor oferta. Si desea un plan general de dise\u00f1o de interiores, tenemos un entregable est\u00e1ndar.\" \/>\n<meta name=\"robots\" content=\"index, follow, max-snippet:-1, max-image-preview:large, max-video-preview:-1\" \/>\n<link rel=\"canonical\" href=\"https:\/\/www.arqup.net\/en\/servicios\/diseno-interiores\/\" \/>\n<meta property=\"og:locale\" content=\"en_US\" \/>\n<meta property=\"og:type\" content=\"article\" \/>\n<meta property=\"og:title\" content=\"Dise\u00f1o de Interiores - ARQUP Arquitectura, Dise\u00f1o de Interiores y 3D\" \/>\n<meta property=\"og:description\" content=\"En el caso de dise\u00f1o de interiores, nos ajustaremos a la necesidad del cliente y su objetivo para poder brindarle una mejor oferta. Si desea un plan general de dise\u00f1o de interiores, tenemos un entregable est\u00e1ndar.\" \/>\n<meta property=\"og:url\" content=\"https:\/\/www.arqup.net\/en\/servicios\/diseno-interiores\/\" \/>\n<meta property=\"og:site_name\" content=\"ARQUP Arquitectura, Dise\u00f1o de Interiores y 3D\" \/>\n<meta property=\"article:modified_time\" content=\"2020-12-26T16:48:26+00:00\" \/>\n<meta name=\"twitter:card\" content=\"summary_large_image\" \/>\n<script type=\"application\/ld+json\" class=\"yoast-schema-graph\">{\"@context\":\"https:\/\/schema.org\",\"@graph\":[{\"@type\":\"WebPage\",\"@id\":\"https:\/\/www.arqup.net\/en\/servicios\/diseno-interiores\/\",\"url\":\"https:\/\/www.arqup.net\/en\/servicios\/diseno-interiores\/\",\"name\":\"Dise\u00f1o de Interiores - ARQUP Arquitectura, Dise\u00f1o de Interiores y 3D\",\"isPartOf\":{\"@id\":\"https:\/\/www.arqup.net\/#website\"},\"datePublished\":\"2019-11-28T15:49:05+00:00\",\"dateModified\":\"2020-12-26T16:48:26+00:00\",\"description\":\"En el caso de dise\u00f1o de interiores, nos ajustaremos a la necesidad del cliente y su objetivo para poder brindarle una mejor oferta. Si desea un plan general de dise\u00f1o de interiores, tenemos un entregable est\u00e1ndar.\",\"breadcrumb\":{\"@id\":\"https:\/\/www.arqup.net\/en\/servicios\/diseno-interiores\/#breadcrumb\"},\"inLanguage\":\"en-US\",\"potentialAction\":[{\"@type\":\"ReadAction\",\"target\":[\"https:\/\/www.arqup.net\/en\/servicios\/diseno-interiores\/\"]}]},{\"@type\":\"BreadcrumbList\",\"@id\":\"https:\/\/www.arqup.net\/en\/servicios\/diseno-interiores\/#breadcrumb\",\"itemListElement\":[{\"@type\":\"ListItem\",\"position\":1,\"name\":\"Home\",\"item\":\"https:\/\/www.arqup.net\/\"},{\"@type\":\"ListItem\",\"position\":2,\"name\":\"Servicios\",\"item\":\"https:\/\/www.arqup.net\/en\/servicios\/\"},{\"@type\":\"ListItem\",\"position\":3,\"name\":\"Dise\u00f1o de Interiores\"}]},{\"@type\":\"WebSite\",\"@id\":\"https:\/\/www.arqup.net\/#website\",\"url\":\"https:\/\/www.arqup.net\/\",\"name\":\"ARQUP Arquitectura, Dise\u00f1o de Interiores y 3D\",\"description\":\"Soluciones integrales para el dise\u00f1o de espacios. Mediante Proyectos de Arquitectura, Dise\u00f1o de Interiores y Visualizaci\u00f3n 3D\",\"potentialAction\":[{\"@type\":\"SearchAction\",\"target\":{\"@type\":\"EntryPoint\",\"urlTemplate\":\"https:\/\/www.arqup.net\/?s={search_term_string}\"},\"query-input\":{\"@type\":\"PropertyValueSpecification\",\"valueRequired\":true,\"valueName\":\"search_term_string\"}}],\"inLanguage\":\"en-US\"}]}<\/script>\n<!-- \/ Yoast SEO plugin. -->","yoast_head_json":{"title":"Dise\u00f1o de Interiores - ARQUP Arquitectura, Dise\u00f1o de Interiores y 3D","description":"En el caso de dise\u00f1o de interiores, nos ajustaremos a la necesidad del cliente y su objetivo para poder brindarle una mejor oferta. Si desea un plan general de dise\u00f1o de interiores, tenemos un entregable est\u00e1ndar.","robots":{"index":"index","follow":"follow","max-snippet":"max-snippet:-1","max-image-preview":"max-image-preview:large","max-video-preview":"max-video-preview:-1"},"canonical":"https:\/\/www.arqup.net\/en\/servicios\/diseno-interiores\/","og_locale":"en_US","og_type":"article","og_title":"Dise\u00f1o de Interiores - ARQUP Arquitectura, Dise\u00f1o de Interiores y 3D","og_description":"En el caso de dise\u00f1o de interiores, nos ajustaremos a la necesidad del cliente y su objetivo para poder brindarle una mejor oferta. Si desea un plan general de dise\u00f1o de interiores, tenemos un entregable est\u00e1ndar.","og_url":"https:\/\/www.arqup.net\/en\/servicios\/diseno-interiores\/","og_site_name":"ARQUP Arquitectura, Dise\u00f1o de Interiores y 3D","article_modified_time":"2020-12-26T16:48:26+00:00","twitter_card":"summary_large_image","schema":{"@context":"https:\/\/schema.org","@graph":[{"@type":"WebPage","@id":"https:\/\/www.arqup.net\/en\/servicios\/diseno-interiores\/","url":"https:\/\/www.arqup.net\/en\/servicios\/diseno-interiores\/","name":"Dise\u00f1o de Interiores - ARQUP Arquitectura, Dise\u00f1o de Interiores y 3D","isPartOf":{"@id":"https:\/\/www.arqup.net\/#website"},"datePublished":"2019-11-28T15:49:05+00:00","dateModified":"2020-12-26T16:48:26+00:00","description":"En el caso de dise\u00f1o de interiores, nos ajustaremos a la necesidad del cliente y su objetivo para poder brindarle una mejor oferta. Si desea un plan general de dise\u00f1o de interiores, tenemos un entregable est\u00e1ndar.","breadcrumb":{"@id":"https:\/\/www.arqup.net\/en\/servicios\/diseno-interiores\/#breadcrumb"},"inLanguage":"en-US","potentialAction":[{"@type":"ReadAction","target":["https:\/\/www.arqup.net\/en\/servicios\/diseno-interiores\/"]}]},{"@type":"BreadcrumbList","@id":"https:\/\/www.arqup.net\/en\/servicios\/diseno-interiores\/#breadcrumb","itemListElement":[{"@type":"ListItem","position":1,"name":"Home","item":"https:\/\/www.arqup.net\/"},{"@type":"ListItem","position":2,"name":"Servicios","item":"https:\/\/www.arqup.net\/en\/servicios\/"},{"@type":"ListItem","position":3,"name":"Dise\u00f1o de Interiores"}]},{"@type":"WebSite","@id":"https:\/\/www.arqup.net\/#website","url":"https:\/\/www.arqup.net\/","name":"ARQUP Arquitectura, Dise\u00f1o de Interiores y 3D","description":"Soluciones integrales para el dise\u00f1o de espacios. Mediante Proyectos de Arquitectura, Dise\u00f1o de Interiores y Visualizaci\u00f3n 3D","potentialAction":[{"@type":"SearchAction","target":{"@type":"EntryPoint","urlTemplate":"https:\/\/www.arqup.net\/?s={search_term_string}"},"query-input":{"@type":"PropertyValueSpecification","valueRequired":true,"valueName":"search_term_string"}}],"inLanguage":"en-US"}]}},"_links":{"self":[{"href":"https:\/\/www.arqup.net\/en\/wp-json\/wp\/v2\/pages\/93","targetHints":{"allow":["GET"]}}],"collection":[{"href":"https:\/\/www.arqup.net\/en\/wp-json\/wp\/v2\/pages"}],"about":[{"href":"https:\/\/www.arqup.net\/en\/wp-json\/wp\/v2\/types\/page"}],"author":[{"embeddable":true,"href":"https:\/\/www.arqup.net\/en\/wp-json\/wp\/v2\/users\/1"}],"replies":[{"embeddable":true,"href":"https:\/\/www.arqup.net\/en\/wp-json\/wp\/v2\/comments?post=93"}],"version-history":[{"count":5,"href":"https:\/\/www.arqup.net\/en\/wp-json\/wp\/v2\/pages\/93\/revisions"}],"predecessor-version":[{"id":9693,"href":"https:\/\/www.arqup.net\/en\/wp-json\/wp\/v2\/pages\/93\/revisions\/9693"}],"up":[{"embeddable":true,"href":"https:\/\/www.arqup.net\/en\/wp-json\/wp\/v2\/pages\/146"}],"wp:attachment":[{"href":"https:\/\/www.arqup.net\/en\/wp-json\/wp\/v2\/media?parent=93"}],"curies":[{"name":"wp","href":"https:\/\/api.w.org\/{rel}","templated":true}]}}