{"id":2876,"date":"2016-09-05T10:56:21","date_gmt":"2016-09-05T15:56:21","guid":{"rendered":"http:\/\/demo.goodlayers.com\/realfactory\/?page_id=2876"},"modified":"2020-08-29T12:41:26","modified_gmt":"2020-08-29T17:41:26","slug":"nosotros","status":"publish","type":"page","link":"https:\/\/www.arqup.net\/hr\/nosotros\/","title":{"rendered":"O Nama"},"content":{"rendered":"","protected":false},"excerpt":{"rendered":"","protected":false},"author":1,"featured_media":6182,"parent":0,"menu_order":0,"comment_status":"closed","ping_status":"closed","template":"","meta":{"footnotes":""},"class_list":["post-2876","page","type-page","status-publish","has-post-thumbnail","hentry"],"yoast_head":"<!-- This site is optimized with the Yoast SEO plugin v25.2 - https:\/\/yoast.com\/wordpress\/plugins\/seo\/ -->\n<title>Nosotros - ARQUP Arquitectura, Dise\u00f1o de Interiores y 3D<\/title>\n<meta name=\"description\" content=\"Desde nuestros inicios nuestro objetivo es optimizar los recursos en los procesos en nuestros proyectos. As\u00ed podemos brindarte la mejor alternativa de dise\u00f1o sostenible.\" \/>\n<meta name=\"robots\" content=\"index, follow, max-snippet:-1, max-image-preview:large, max-video-preview:-1\" \/>\n<link rel=\"canonical\" href=\"https:\/\/www.arqup.net\/hr\/nosotros\/\" \/>\n<meta property=\"og:locale\" content=\"hr_HR\" \/>\n<meta property=\"og:type\" content=\"article\" \/>\n<meta property=\"og:title\" content=\"Nosotros - ARQUP Arquitectura, Dise\u00f1o de Interiores y 3D\" \/>\n<meta property=\"og:description\" content=\"Desde nuestros inicios nuestro objetivo es optimizar los recursos en los procesos en nuestros proyectos. As\u00ed podemos brindarte la mejor alternativa de dise\u00f1o sostenible.\" \/>\n<meta property=\"og:url\" content=\"https:\/\/www.arqup.net\/hr\/nosotros\/\" \/>\n<meta property=\"og:site_name\" content=\"ARQUP Arquitectura, Dise\u00f1o de Interiores y 3D\" \/>\n<meta property=\"article:modified_time\" content=\"2020-08-29T17:41:26+00:00\" \/>\n<meta property=\"og:image\" content=\"https:\/\/www.arqup.net\/wp-content\/uploads\/2019\/12\/image-bg-3.jpg\" \/>\n\t<meta property=\"og:image:width\" content=\"1800\" \/>\n\t<meta property=\"og:image:height\" content=\"1100\" \/>\n\t<meta property=\"og:image:type\" content=\"image\/jpeg\" \/>\n<meta name=\"twitter:card\" content=\"summary_large_image\" \/>\n<script type=\"application\/ld+json\" class=\"yoast-schema-graph\">{\"@context\":\"https:\/\/schema.org\",\"@graph\":[{\"@type\":\"WebPage\",\"@id\":\"https:\/\/www.arqup.net\/nosotros\/\",\"url\":\"https:\/\/www.arqup.net\/nosotros\/\",\"name\":\"Nosotros - ARQUP Arquitectura, Dise\u00f1o de Interiores y 3D\",\"isPartOf\":{\"@id\":\"https:\/\/www.arqup.net\/#website\"},\"primaryImageOfPage\":{\"@id\":\"https:\/\/www.arqup.net\/nosotros\/#primaryimage\"},\"image\":{\"@id\":\"https:\/\/www.arqup.net\/nosotros\/#primaryimage\"},\"thumbnailUrl\":\"https:\/\/www.arqup.net\/wp-content\/uploads\/2019\/12\/image-bg-3.jpg\",\"datePublished\":\"2016-09-05T15:56:21+00:00\",\"dateModified\":\"2020-08-29T17:41:26+00:00\",\"description\":\"Desde nuestros inicios nuestro objetivo es optimizar los recursos en los procesos en nuestros proyectos. As\u00ed podemos brindarte la mejor alternativa de dise\u00f1o sostenible.\",\"breadcrumb\":{\"@id\":\"https:\/\/www.arqup.net\/nosotros\/#breadcrumb\"},\"inLanguage\":\"hr\",\"potentialAction\":[{\"@type\":\"ReadAction\",\"target\":[\"https:\/\/www.arqup.net\/nosotros\/\"]}]},{\"@type\":\"ImageObject\",\"inLanguage\":\"hr\",\"@id\":\"https:\/\/www.arqup.net\/nosotros\/#primaryimage\",\"url\":\"https:\/\/www.arqup.net\/wp-content\/uploads\/2019\/12\/image-bg-3.jpg\",\"contentUrl\":\"https:\/\/www.arqup.net\/wp-content\/uploads\/2019\/12\/image-bg-3.jpg\",\"width\":1800,\"height\":1100},{\"@type\":\"BreadcrumbList\",\"@id\":\"https:\/\/www.arqup.net\/nosotros\/#breadcrumb\",\"itemListElement\":[{\"@type\":\"ListItem\",\"position\":1,\"name\":\"Home\",\"item\":\"https:\/\/www.arqup.net\/\"},{\"@type\":\"ListItem\",\"position\":2,\"name\":\"Nosotros\"}]},{\"@type\":\"WebSite\",\"@id\":\"https:\/\/www.arqup.net\/#website\",\"url\":\"https:\/\/www.arqup.net\/\",\"name\":\"ARQUP Arquitectura, Dise\u00f1o de Interiores y 3D\",\"description\":\"Soluciones integrales para el dise\u00f1o de espacios. Mediante Proyectos de Arquitectura, Dise\u00f1o de Interiores y Visualizaci\u00f3n 3D\",\"potentialAction\":[{\"@type\":\"SearchAction\",\"target\":{\"@type\":\"EntryPoint\",\"urlTemplate\":\"https:\/\/www.arqup.net\/?s={search_term_string}\"},\"query-input\":{\"@type\":\"PropertyValueSpecification\",\"valueRequired\":true,\"valueName\":\"search_term_string\"}}],\"inLanguage\":\"hr\"}]}<\/script>\n<!-- \/ Yoast SEO plugin. -->","yoast_head_json":{"title":"Nosotros - ARQUP Arquitectura, Dise\u00f1o de Interiores y 3D","description":"Desde nuestros inicios nuestro objetivo es optimizar los recursos en los procesos en nuestros proyectos. As\u00ed podemos brindarte la mejor alternativa de dise\u00f1o sostenible.","robots":{"index":"index","follow":"follow","max-snippet":"max-snippet:-1","max-image-preview":"max-image-preview:large","max-video-preview":"max-video-preview:-1"},"canonical":"https:\/\/www.arqup.net\/hr\/nosotros\/","og_locale":"hr_HR","og_type":"article","og_title":"Nosotros - ARQUP Arquitectura, Dise\u00f1o de Interiores y 3D","og_description":"Desde nuestros inicios nuestro objetivo es optimizar los recursos en los procesos en nuestros proyectos. As\u00ed podemos brindarte la mejor alternativa de dise\u00f1o sostenible.","og_url":"https:\/\/www.arqup.net\/hr\/nosotros\/","og_site_name":"ARQUP Arquitectura, Dise\u00f1o de Interiores y 3D","article_modified_time":"2020-08-29T17:41:26+00:00","og_image":[{"width":1800,"height":1100,"url":"https:\/\/www.arqup.net\/wp-content\/uploads\/2019\/12\/image-bg-3.jpg","type":"image\/jpeg"}],"twitter_card":"summary_large_image","schema":{"@context":"https:\/\/schema.org","@graph":[{"@type":"WebPage","@id":"https:\/\/www.arqup.net\/nosotros\/","url":"https:\/\/www.arqup.net\/nosotros\/","name":"Nosotros - ARQUP Arquitectura, Dise\u00f1o de Interiores y 3D","isPartOf":{"@id":"https:\/\/www.arqup.net\/#website"},"primaryImageOfPage":{"@id":"https:\/\/www.arqup.net\/nosotros\/#primaryimage"},"image":{"@id":"https:\/\/www.arqup.net\/nosotros\/#primaryimage"},"thumbnailUrl":"https:\/\/www.arqup.net\/wp-content\/uploads\/2019\/12\/image-bg-3.jpg","datePublished":"2016-09-05T15:56:21+00:00","dateModified":"2020-08-29T17:41:26+00:00","description":"Desde nuestros inicios nuestro objetivo es optimizar los recursos en los procesos en nuestros proyectos. As\u00ed podemos brindarte la mejor alternativa de dise\u00f1o sostenible.","breadcrumb":{"@id":"https:\/\/www.arqup.net\/nosotros\/#breadcrumb"},"inLanguage":"hr","potentialAction":[{"@type":"ReadAction","target":["https:\/\/www.arqup.net\/nosotros\/"]}]},{"@type":"ImageObject","inLanguage":"hr","@id":"https:\/\/www.arqup.net\/nosotros\/#primaryimage","url":"https:\/\/www.arqup.net\/wp-content\/uploads\/2019\/12\/image-bg-3.jpg","contentUrl":"https:\/\/www.arqup.net\/wp-content\/uploads\/2019\/12\/image-bg-3.jpg","width":1800,"height":1100},{"@type":"BreadcrumbList","@id":"https:\/\/www.arqup.net\/nosotros\/#breadcrumb","itemListElement":[{"@type":"ListItem","position":1,"name":"Home","item":"https:\/\/www.arqup.net\/"},{"@type":"ListItem","position":2,"name":"Nosotros"}]},{"@type":"WebSite","@id":"https:\/\/www.arqup.net\/#website","url":"https:\/\/www.arqup.net\/","name":"ARQUP Arquitectura, Dise\u00f1o de Interiores y 3D","description":"Soluciones integrales para el dise\u00f1o de espacios. Mediante Proyectos de Arquitectura, Dise\u00f1o de Interiores y Visualizaci\u00f3n 3D","potentialAction":[{"@type":"SearchAction","target":{"@type":"EntryPoint","urlTemplate":"https:\/\/www.arqup.net\/?s={search_term_string}"},"query-input":{"@type":"PropertyValueSpecification","valueRequired":true,"valueName":"search_term_string"}}],"inLanguage":"hr"}]}},"_links":{"self":[{"href":"https:\/\/www.arqup.net\/hr\/wp-json\/wp\/v2\/pages\/2876","targetHints":{"allow":["GET"]}}],"collection":[{"href":"https:\/\/www.arqup.net\/hr\/wp-json\/wp\/v2\/pages"}],"about":[{"href":"https:\/\/www.arqup.net\/hr\/wp-json\/wp\/v2\/types\/page"}],"author":[{"embeddable":true,"href":"https:\/\/www.arqup.net\/hr\/wp-json\/wp\/v2\/users\/1"}],"replies":[{"embeddable":true,"href":"https:\/\/www.arqup.net\/hr\/wp-json\/wp\/v2\/comments?post=2876"}],"version-history":[{"count":5,"href":"https:\/\/www.arqup.net\/hr\/wp-json\/wp\/v2\/pages\/2876\/revisions"}],"predecessor-version":[{"id":7258,"href":"https:\/\/www.arqup.net\/hr\/wp-json\/wp\/v2\/pages\/2876\/revisions\/7258"}],"wp:featuredmedia":[{"embeddable":true,"href":"https:\/\/www.arqup.net\/hr\/wp-json\/wp\/v2\/media\/6182"}],"wp:attachment":[{"href":"https:\/\/www.arqup.net\/hr\/wp-json\/wp\/v2\/media?parent=2876"}],"curies":[{"name":"wp","href":"https:\/\/api.w.org\/{rel}","templated":true}]}}