{"id":3,"date":"2019-11-06T17:40:37","date_gmt":"2019-11-06T17:40:37","guid":{"rendered":"https:\/\/www.arqup.net\/?page_id=3"},"modified":"2020-01-03T05:45:02","modified_gmt":"2020-01-03T10:45:02","slug":"privacy-policy","status":"publish","type":"page","link":"https:\/\/www.arqup.net\/hr\/privacy-policy\/","title":{"rendered":"Pravila o privatnosti"},"content":{"rendered":"<p>Arqup informa a los usuarios de nuestro del sitio web  https:\/\/www.arqup.net sobre su pol\u00edtica respecto del tratamiento y protecci\u00f3n de los datos de car\u00e1cter personal de los usuarios y clientes que puedan ser recabados por la navegaci\u00f3n o contrataci\u00f3n de servicios a trav\u00e9s de su sitio web.<\/p>\n\n\n\n<p>En este sentido, Arqup garantiza el cumplimiento de la normativa vigente en materia de protecci\u00f3n de datos personales, reflejada en la Ley N\u00b0 29733, Ley de Protecci\u00f3n de Datos Personales y su Reglamento, el Decreto Supremo N\u00b0003-2013-JUS.<\/p>\n\n\n\n<p>El uso de\nesta web implica la aceptaci\u00f3n de esta pol\u00edtica de privacidad.<\/p>\n\n\n\n<div id=\"ez-toc-container\" class=\"ez-toc-v2_0_74 counter-hierarchy ez-toc-counter ez-toc-grey ez-toc-container-direction\">\n<div class=\"ez-toc-title-container\"><p class=\"ez-toc-title\" style=\"cursor:inherit\">\u00cdndice<\/p>\n<\/div><nav><ul class='ez-toc-list ez-toc-list-level-1' ><li class='ez-toc-page-1 ez-toc-heading-level-3'><a class=\"ez-toc-link ez-toc-heading-1\" href=\"https:\/\/www.arqup.net\/hr\/privacy-policy\/#Recogida_finalidad_y_tratamiento_de_datos\" >Recogida, finalidad y tratamiento de datos<\/a><\/li><li class='ez-toc-page-1 ez-toc-heading-level-3'><a class=\"ez-toc-link ez-toc-heading-2\" href=\"https:\/\/www.arqup.net\/hr\/privacy-policy\/#Comunicacion_de_informacion_a_terceros\" >Comunicaci\u00f3n de informaci\u00f3n a terceros<\/a><\/li><li class='ez-toc-page-1 ez-toc-heading-level-3'><a class=\"ez-toc-link ez-toc-heading-3\" href=\"https:\/\/www.arqup.net\/hr\/privacy-policy\/#Derechos_de_los_usuarios\" >Derechos de los usuarios<\/a><\/li><\/ul><\/nav><\/div>\n<h3 class=\"wp-block-heading\"><span class=\"ez-toc-section\" id=\"Recogida_finalidad_y_tratamiento_de_datos\"><\/span>Recogida, finalidad y tratamiento de datos<span class=\"ez-toc-section-end\"><\/span><\/h3>\n\n\n\n<p>Arqup Architecs tiene el deber de informar a los usuarios de su sitio web acerca de la recogida de datos de car\u00e1cter personal que pueden llevarse a cabo, bien sea mediante el env\u00edo de correo electr\u00f3nico, por conducto de terceros autorizados  o al completar los formularios incluidos en su sitio web. En este sentido, Arqup Architecs ser\u00e1 considerada como responsable de los datos recabados mediante los medios anteriormente descritos.<\/p>\n\n\n\n<p>A su vez Arqup\nArchitecs informa a los usuarios de que la finalidad del tratamiento de los\ndatos recabados contempla: La atenci\u00f3n de solicitudes realizadas por los\nusuarios, la inclusi\u00f3n en la agenda de contactos, la prestaci\u00f3n de servicios y\nla gesti\u00f3n de la relaci\u00f3n comercial.<\/p>\n\n\n\n<p>Las\noperaciones, gestiones y procedimientos t\u00e9cnicos que se realicen de forma\nautomatizada o no automatizada y que posibiliten la recogida, el\nalmacenamiento, la modificaci\u00f3n, la transferencia y otras acciones sobre datos\nde car\u00e1cter personal, tienen la consideraci\u00f3n de tratamiento de datos\npersonales.<\/p>\n\n\n\n<h3 class=\"wp-block-heading\"><span class=\"ez-toc-section\" id=\"Comunicacion_de_informacion_a_terceros\"><\/span> Comunicaci\u00f3n de informaci\u00f3n a terceros <span class=\"ez-toc-section-end\"><\/span><\/h3>\n\n\n\n<p>Arqup Architecs informa a los usuarios de que sus datos personales no ser\u00e1n cedidos a terceras organizaciones, con la salvedad de que dicha cesi\u00f3n de datos este amparada en una obligaci\u00f3n legal o cuando la prestaci\u00f3n de un servicio implique la necesidad de una relaci\u00f3n contractual con un encargado de tratamiento. En este \u00faltimo caso, solo se llevar\u00e1 a cabo la cesi\u00f3n de datos al tercero cuando Arqup Architecs disponga del consentimiento expreso del usuario.<\/p>\n\n\n\n<h3 class=\"wp-block-heading\"><span class=\"ez-toc-section\" id=\"Derechos_de_los_usuarios\"><\/span>Derechos de los usuarios<span class=\"ez-toc-section-end\"><\/span><\/h3>\n\n\n\n<p>La Ley N\u00ba\n29733, Ley de Protecci\u00f3n de Datos Personales, tiene la finalidad de garantizar\nel derecho fundamental a la protecci\u00f3n de datos personales, regulando un\nadecuado tratamiento, tanto por las entidades p\u00fablicas, como por las\ninstituciones pertenecientes al sector privado. Sus disposiciones constituyen\nnormas de orden p\u00fablico y de cumplimiento obligatorio.<\/p>\n\n\n\n<p>En tanto en\ncuanto los datos del usuario son objeto de tratamiento por parte de Arqup\nArchitecs, los usuarios podr\u00e1n ejercer los derechos de acceso, rectificaci\u00f3n,\ncancelaci\u00f3n y oposici\u00f3n de acuerdo con lo previsto en la normativa legal\nvigente en materia de protecci\u00f3n de datos personales.<\/p>\n\n\n\n<p>En caso usted no desee que sus datos personales sean tratados para las finalidades antes descritas, le solicitamos que nos env\u00ede un correo electr\u00f3nico a la direcci\u00f3n&nbsp;infoarqup@gmail.com, lo cual nos permitir\u00e1 retirarlo de nuestra base de datos. En caso usted no manifieste su negativa, entendemos que autoriza el uso de su informaci\u00f3n personal para las finalidades descritas en el presente comunicado. <\/p>","protected":false},"excerpt":{"rendered":"<p>Arqup informa a los usuarios de nuestro del sitio web https:\/\/www.arqup.net sobre su pol\u00edtica respecto del tratamiento y protecci\u00f3n de los datos de car\u00e1cter personal de los usuarios y clientes que puedan ser recabados por la navegaci\u00f3n o contrataci\u00f3n de servicios a trav\u00e9s de su sitio web. En este sentido, Arqup garantiza el cumplimiento de [&hellip;]<\/p>","protected":false},"author":1,"featured_media":0,"parent":0,"menu_order":0,"comment_status":"closed","ping_status":"open","template":"","meta":{"footnotes":""},"class_list":["post-3","page","type-page","status-publish","hentry"],"yoast_head":"<!-- This site is optimized with the Yoast SEO plugin v25.2 - https:\/\/yoast.com\/wordpress\/plugins\/seo\/ -->\n<title>Pol\u00edtica de privacidad - ARQUP Arquitectura, Dise\u00f1o de Interiores y 3D<\/title>\n<meta name=\"description\" content=\"Arqup garantiza el cumplimiento de la normativa vigente en materia de protecci\u00f3n de datos personales, reflejada en la Ley N\u00b0 29733, Ley de Protecci\u00f3n de Datos Personales y su Reglamento, el Decreto Supremo N\u00b0003-2013-JUS.\" \/>\n<meta name=\"robots\" content=\"index, follow, max-snippet:-1, max-image-preview:large, max-video-preview:-1\" \/>\n<link rel=\"canonical\" href=\"https:\/\/www.arqup.net\/hr\/privacy-policy\/\" \/>\n<meta property=\"og:locale\" content=\"hr_HR\" \/>\n<meta property=\"og:type\" content=\"article\" \/>\n<meta property=\"og:title\" content=\"Pol\u00edtica de privacidad - ARQUP Arquitectura, Dise\u00f1o de Interiores y 3D\" \/>\n<meta property=\"og:description\" content=\"Arqup garantiza el cumplimiento de la normativa vigente en materia de protecci\u00f3n de datos personales, reflejada en la Ley N\u00b0 29733, Ley de Protecci\u00f3n de Datos Personales y su Reglamento, el Decreto Supremo N\u00b0003-2013-JUS.\" \/>\n<meta property=\"og:url\" content=\"https:\/\/www.arqup.net\/hr\/privacy-policy\/\" \/>\n<meta property=\"og:site_name\" content=\"ARQUP Arquitectura, Dise\u00f1o de Interiores y 3D\" \/>\n<meta property=\"article:modified_time\" content=\"2020-01-03T10:45:02+00:00\" \/>\n<meta name=\"twitter:card\" content=\"summary_large_image\" \/>\n<meta name=\"twitter:label1\" content=\"Procijenjeno vrijeme \u010ditanja\" \/>\n\t<meta name=\"twitter:data1\" content=\"3 minute\" \/>\n<script type=\"application\/ld+json\" class=\"yoast-schema-graph\">{\"@context\":\"https:\/\/schema.org\",\"@graph\":[{\"@type\":\"WebPage\",\"@id\":\"https:\/\/www.arqup.net\/privacy-policy\/\",\"url\":\"https:\/\/www.arqup.net\/privacy-policy\/\",\"name\":\"Pol\u00edtica de privacidad - ARQUP Arquitectura, Dise\u00f1o de Interiores y 3D\",\"isPartOf\":{\"@id\":\"https:\/\/www.arqup.net\/#website\"},\"datePublished\":\"2019-11-06T17:40:37+00:00\",\"dateModified\":\"2020-01-03T10:45:02+00:00\",\"description\":\"Arqup garantiza el cumplimiento de la normativa vigente en materia de protecci\u00f3n de datos personales, reflejada en la Ley N\u00b0 29733, Ley de Protecci\u00f3n de Datos Personales y su Reglamento, el Decreto Supremo N\u00b0003-2013-JUS.\",\"breadcrumb\":{\"@id\":\"https:\/\/www.arqup.net\/privacy-policy\/#breadcrumb\"},\"inLanguage\":\"hr\",\"potentialAction\":[{\"@type\":\"ReadAction\",\"target\":[\"https:\/\/www.arqup.net\/privacy-policy\/\"]}]},{\"@type\":\"BreadcrumbList\",\"@id\":\"https:\/\/www.arqup.net\/privacy-policy\/#breadcrumb\",\"itemListElement\":[{\"@type\":\"ListItem\",\"position\":1,\"name\":\"Home\",\"item\":\"https:\/\/www.arqup.net\/\"},{\"@type\":\"ListItem\",\"position\":2,\"name\":\"Pol\u00edtica de privacidad\"}]},{\"@type\":\"WebSite\",\"@id\":\"https:\/\/www.arqup.net\/#website\",\"url\":\"https:\/\/www.arqup.net\/\",\"name\":\"ARQUP Arquitectura, Dise\u00f1o de Interiores y 3D\",\"description\":\"Soluciones integrales para el dise\u00f1o de espacios. Mediante Proyectos de Arquitectura, Dise\u00f1o de Interiores y Visualizaci\u00f3n 3D\",\"potentialAction\":[{\"@type\":\"SearchAction\",\"target\":{\"@type\":\"EntryPoint\",\"urlTemplate\":\"https:\/\/www.arqup.net\/?s={search_term_string}\"},\"query-input\":{\"@type\":\"PropertyValueSpecification\",\"valueRequired\":true,\"valueName\":\"search_term_string\"}}],\"inLanguage\":\"hr\"}]}<\/script>\n<!-- \/ Yoast SEO plugin. -->","yoast_head_json":{"title":"Pol\u00edtica de privacidad - ARQUP Arquitectura, Dise\u00f1o de Interiores y 3D","description":"Arqup garantiza el cumplimiento de la normativa vigente en materia de protecci\u00f3n de datos personales, reflejada en la Ley N\u00b0 29733, Ley de Protecci\u00f3n de Datos Personales y su Reglamento, el Decreto Supremo N\u00b0003-2013-JUS.","robots":{"index":"index","follow":"follow","max-snippet":"max-snippet:-1","max-image-preview":"max-image-preview:large","max-video-preview":"max-video-preview:-1"},"canonical":"https:\/\/www.arqup.net\/hr\/privacy-policy\/","og_locale":"hr_HR","og_type":"article","og_title":"Pol\u00edtica de privacidad - ARQUP Arquitectura, Dise\u00f1o de Interiores y 3D","og_description":"Arqup garantiza el cumplimiento de la normativa vigente en materia de protecci\u00f3n de datos personales, reflejada en la Ley N\u00b0 29733, Ley de Protecci\u00f3n de Datos Personales y su Reglamento, el Decreto Supremo N\u00b0003-2013-JUS.","og_url":"https:\/\/www.arqup.net\/hr\/privacy-policy\/","og_site_name":"ARQUP Arquitectura, Dise\u00f1o de Interiores y 3D","article_modified_time":"2020-01-03T10:45:02+00:00","twitter_card":"summary_large_image","twitter_misc":{"Procijenjeno vrijeme \u010ditanja":"3 minute"},"schema":{"@context":"https:\/\/schema.org","@graph":[{"@type":"WebPage","@id":"https:\/\/www.arqup.net\/privacy-policy\/","url":"https:\/\/www.arqup.net\/privacy-policy\/","name":"Pol\u00edtica de privacidad - ARQUP Arquitectura, Dise\u00f1o de Interiores y 3D","isPartOf":{"@id":"https:\/\/www.arqup.net\/#website"},"datePublished":"2019-11-06T17:40:37+00:00","dateModified":"2020-01-03T10:45:02+00:00","description":"Arqup garantiza el cumplimiento de la normativa vigente en materia de protecci\u00f3n de datos personales, reflejada en la Ley N\u00b0 29733, Ley de Protecci\u00f3n de Datos Personales y su Reglamento, el Decreto Supremo N\u00b0003-2013-JUS.","breadcrumb":{"@id":"https:\/\/www.arqup.net\/privacy-policy\/#breadcrumb"},"inLanguage":"hr","potentialAction":[{"@type":"ReadAction","target":["https:\/\/www.arqup.net\/privacy-policy\/"]}]},{"@type":"BreadcrumbList","@id":"https:\/\/www.arqup.net\/privacy-policy\/#breadcrumb","itemListElement":[{"@type":"ListItem","position":1,"name":"Home","item":"https:\/\/www.arqup.net\/"},{"@type":"ListItem","position":2,"name":"Pol\u00edtica de privacidad"}]},{"@type":"WebSite","@id":"https:\/\/www.arqup.net\/#website","url":"https:\/\/www.arqup.net\/","name":"ARQUP Arquitectura, Dise\u00f1o de Interiores y 3D","description":"Soluciones integrales para el dise\u00f1o de espacios. Mediante Proyectos de Arquitectura, Dise\u00f1o de Interiores y Visualizaci\u00f3n 3D","potentialAction":[{"@type":"SearchAction","target":{"@type":"EntryPoint","urlTemplate":"https:\/\/www.arqup.net\/?s={search_term_string}"},"query-input":{"@type":"PropertyValueSpecification","valueRequired":true,"valueName":"search_term_string"}}],"inLanguage":"hr"}]}},"_links":{"self":[{"href":"https:\/\/www.arqup.net\/hr\/wp-json\/wp\/v2\/pages\/3","targetHints":{"allow":["GET"]}}],"collection":[{"href":"https:\/\/www.arqup.net\/hr\/wp-json\/wp\/v2\/pages"}],"about":[{"href":"https:\/\/www.arqup.net\/hr\/wp-json\/wp\/v2\/types\/page"}],"author":[{"embeddable":true,"href":"https:\/\/www.arqup.net\/hr\/wp-json\/wp\/v2\/users\/1"}],"replies":[{"embeddable":true,"href":"https:\/\/www.arqup.net\/hr\/wp-json\/wp\/v2\/comments?post=3"}],"version-history":[{"count":5,"href":"https:\/\/www.arqup.net\/hr\/wp-json\/wp\/v2\/pages\/3\/revisions"}],"predecessor-version":[{"id":6772,"href":"https:\/\/www.arqup.net\/hr\/wp-json\/wp\/v2\/pages\/3\/revisions\/6772"}],"wp:attachment":[{"href":"https:\/\/www.arqup.net\/hr\/wp-json\/wp\/v2\/media?parent=3"}],"curies":[{"name":"wp","href":"https:\/\/api.w.org\/{rel}","templated":true}]}}