{"id":6991,"date":"2020-02-18T09:44:24","date_gmt":"2020-02-18T14:44:24","guid":{"rendered":"https:\/\/www.arqup.net\/?page_id=6991"},"modified":"2020-04-28T11:45:31","modified_gmt":"2020-04-28T16:45:31","slug":"cotizar","status":"publish","type":"page","link":"https:\/\/www.arqup.net\/hr\/cotizar\/","title":{"rendered":"Zatra\u017ei Ponudu"},"content":{"rendered":"<h2 class=\"has-text-align-center wp-block-heading\"><strong>Tienes un proyecto de arquitectura, dise\u00f1o de interiores o visualizaci\u00f3n 3D, no esperes m\u00e1s \u00a1Cotiza ahora!<\/strong><\/h2>\n\n\n\n<h2 class=\"wp-block-heading\"><\/h2>","protected":false},"excerpt":{"rendered":"<p>Tienes un proyecto de arquitectura, dise\u00f1o de interiores o visualizaci\u00f3n 3D, no esperes m\u00e1s \u00a1Cotiza ahora!<\/p>","protected":false},"author":1,"featured_media":0,"parent":0,"menu_order":0,"comment_status":"closed","ping_status":"closed","template":"","meta":{"footnotes":""},"class_list":["post-6991","page","type-page","status-publish","hentry"],"yoast_head":"<!-- This site is optimized with the Yoast SEO plugin v25.2 - https:\/\/yoast.com\/wordpress\/plugins\/seo\/ -->\n<title>Obt\u00e9n tu presupuesto - ARQUP Arquitectura, Dise\u00f1o de Interiores y 3D<\/title>\n<meta name=\"robots\" content=\"index, follow, max-snippet:-1, max-image-preview:large, max-video-preview:-1\" \/>\n<link rel=\"canonical\" href=\"https:\/\/www.arqup.net\/hr\/cotizar\/\" \/>\n<meta property=\"og:locale\" content=\"hr_HR\" \/>\n<meta property=\"og:type\" content=\"article\" \/>\n<meta property=\"og:title\" content=\"Obt\u00e9n tu presupuesto - ARQUP Arquitectura, Dise\u00f1o de Interiores y 3D\" \/>\n<meta property=\"og:description\" content=\"Tienes un proyecto de arquitectura, dise\u00f1o de interiores o visualizaci\u00f3n 3D, no esperes m\u00e1s \u00a1Cotiza ahora!\" \/>\n<meta property=\"og:url\" content=\"https:\/\/www.arqup.net\/hr\/cotizar\/\" \/>\n<meta property=\"og:site_name\" content=\"ARQUP Arquitectura, Dise\u00f1o de Interiores y 3D\" \/>\n<meta property=\"article:modified_time\" content=\"2020-04-28T16:45:31+00:00\" \/>\n<meta name=\"twitter:card\" content=\"summary_large_image\" \/>\n<script type=\"application\/ld+json\" class=\"yoast-schema-graph\">{\"@context\":\"https:\/\/schema.org\",\"@graph\":[{\"@type\":\"WebPage\",\"@id\":\"https:\/\/www.arqup.net\/en\/cotizar\/\",\"url\":\"https:\/\/www.arqup.net\/en\/cotizar\/\",\"name\":\"Obt\u00e9n tu presupuesto - ARQUP Arquitectura, Dise\u00f1o de Interiores y 3D\",\"isPartOf\":{\"@id\":\"https:\/\/www.arqup.net\/#website\"},\"datePublished\":\"2020-02-18T14:44:24+00:00\",\"dateModified\":\"2020-04-28T16:45:31+00:00\",\"breadcrumb\":{\"@id\":\"https:\/\/www.arqup.net\/en\/cotizar\/#breadcrumb\"},\"inLanguage\":\"hr\",\"potentialAction\":[{\"@type\":\"ReadAction\",\"target\":[\"https:\/\/www.arqup.net\/en\/cotizar\/\"]}]},{\"@type\":\"BreadcrumbList\",\"@id\":\"https:\/\/www.arqup.net\/en\/cotizar\/#breadcrumb\",\"itemListElement\":[{\"@type\":\"ListItem\",\"position\":1,\"name\":\"Home\",\"item\":\"https:\/\/www.arqup.net\/\"},{\"@type\":\"ListItem\",\"position\":2,\"name\":\"Obt\u00e9n tu presupuesto\"}]},{\"@type\":\"WebSite\",\"@id\":\"https:\/\/www.arqup.net\/#website\",\"url\":\"https:\/\/www.arqup.net\/\",\"name\":\"ARQUP Arquitectura, Dise\u00f1o de Interiores y 3D\",\"description\":\"Soluciones integrales para el dise\u00f1o de espacios. Mediante Proyectos de Arquitectura, Dise\u00f1o de Interiores y Visualizaci\u00f3n 3D\",\"potentialAction\":[{\"@type\":\"SearchAction\",\"target\":{\"@type\":\"EntryPoint\",\"urlTemplate\":\"https:\/\/www.arqup.net\/?s={search_term_string}\"},\"query-input\":{\"@type\":\"PropertyValueSpecification\",\"valueRequired\":true,\"valueName\":\"search_term_string\"}}],\"inLanguage\":\"hr\"}]}<\/script>\n<!-- \/ Yoast SEO plugin. -->","yoast_head_json":{"title":"Obt\u00e9n tu presupuesto - ARQUP Arquitectura, Dise\u00f1o de Interiores y 3D","robots":{"index":"index","follow":"follow","max-snippet":"max-snippet:-1","max-image-preview":"max-image-preview:large","max-video-preview":"max-video-preview:-1"},"canonical":"https:\/\/www.arqup.net\/hr\/cotizar\/","og_locale":"hr_HR","og_type":"article","og_title":"Obt\u00e9n tu presupuesto - ARQUP Arquitectura, Dise\u00f1o de Interiores y 3D","og_description":"Tienes un proyecto de arquitectura, dise\u00f1o de interiores o visualizaci\u00f3n 3D, no esperes m\u00e1s \u00a1Cotiza ahora!","og_url":"https:\/\/www.arqup.net\/hr\/cotizar\/","og_site_name":"ARQUP Arquitectura, Dise\u00f1o de Interiores y 3D","article_modified_time":"2020-04-28T16:45:31+00:00","twitter_card":"summary_large_image","schema":{"@context":"https:\/\/schema.org","@graph":[{"@type":"WebPage","@id":"https:\/\/www.arqup.net\/en\/cotizar\/","url":"https:\/\/www.arqup.net\/en\/cotizar\/","name":"Obt\u00e9n tu presupuesto - ARQUP Arquitectura, Dise\u00f1o de Interiores y 3D","isPartOf":{"@id":"https:\/\/www.arqup.net\/#website"},"datePublished":"2020-02-18T14:44:24+00:00","dateModified":"2020-04-28T16:45:31+00:00","breadcrumb":{"@id":"https:\/\/www.arqup.net\/en\/cotizar\/#breadcrumb"},"inLanguage":"hr","potentialAction":[{"@type":"ReadAction","target":["https:\/\/www.arqup.net\/en\/cotizar\/"]}]},{"@type":"BreadcrumbList","@id":"https:\/\/www.arqup.net\/en\/cotizar\/#breadcrumb","itemListElement":[{"@type":"ListItem","position":1,"name":"Home","item":"https:\/\/www.arqup.net\/"},{"@type":"ListItem","position":2,"name":"Obt\u00e9n tu presupuesto"}]},{"@type":"WebSite","@id":"https:\/\/www.arqup.net\/#website","url":"https:\/\/www.arqup.net\/","name":"ARQUP Arquitectura, Dise\u00f1o de Interiores y 3D","description":"Soluciones integrales para el dise\u00f1o de espacios. Mediante Proyectos de Arquitectura, Dise\u00f1o de Interiores y Visualizaci\u00f3n 3D","potentialAction":[{"@type":"SearchAction","target":{"@type":"EntryPoint","urlTemplate":"https:\/\/www.arqup.net\/?s={search_term_string}"},"query-input":{"@type":"PropertyValueSpecification","valueRequired":true,"valueName":"search_term_string"}}],"inLanguage":"hr"}]}},"_links":{"self":[{"href":"https:\/\/www.arqup.net\/hr\/wp-json\/wp\/v2\/pages\/6991","targetHints":{"allow":["GET"]}}],"collection":[{"href":"https:\/\/www.arqup.net\/hr\/wp-json\/wp\/v2\/pages"}],"about":[{"href":"https:\/\/www.arqup.net\/hr\/wp-json\/wp\/v2\/types\/page"}],"author":[{"embeddable":true,"href":"https:\/\/www.arqup.net\/hr\/wp-json\/wp\/v2\/users\/1"}],"replies":[{"embeddable":true,"href":"https:\/\/www.arqup.net\/hr\/wp-json\/wp\/v2\/comments?post=6991"}],"version-history":[{"count":5,"href":"https:\/\/www.arqup.net\/hr\/wp-json\/wp\/v2\/pages\/6991\/revisions"}],"predecessor-version":[{"id":7173,"href":"https:\/\/www.arqup.net\/hr\/wp-json\/wp\/v2\/pages\/6991\/revisions\/7173"}],"wp:attachment":[{"href":"https:\/\/www.arqup.net\/hr\/wp-json\/wp\/v2\/media?parent=6991"}],"curies":[{"name":"wp","href":"https:\/\/api.w.org\/{rel}","templated":true}]}}